{"id":1465,"date":"2022-12-26T18:13:54","date_gmt":"2022-12-26T23:13:54","guid":{"rendered":"https:\/\/dev.theterritoryimpact.org\/donate-to-the-uru-eu-wau-wau-2\/"},"modified":"2023-01-23T14:51:38","modified_gmt":"2023-01-23T19:51:38","slug":"donate-uru","status":"publish","type":"page","link":"https:\/\/theterritoryimpact.org\/pt\/urz\/donate-uru\/","title":{"rendered":"Donate to the Uru-Eu-Wau-Wau &#8211; Kawahiva"},"content":{"rendered":"<div class=\"page-header wp-block-site-functionality-page-header\">\n<div class=\"wp-block-cover header-banner\"><span aria-hidden=\"true\" class=\"wp-block-cover__background has-background-dim-0 has-background-dim\"><\/span><img decoding=\"async\" width=\"1600\" height=\"1067\" class=\"wp-block-cover__image-background wp-image-1166\" alt=\"An Uru Eu Wau Wau elder\" src=\"https:\/\/theterritoryimpact.org\/wp-content\/uploads\/2022\/08\/Brazil_Trip7_BTS-91-scaled-e1661809515497.jpg\" data-object-fit=\"cover\" srcset=\"https:\/\/theterritoryimpact.org\/wp-content\/uploads\/2022\/08\/Brazil_Trip7_BTS-91-scaled-e1661809515497.jpg 1600w, https:\/\/theterritoryimpact.org\/wp-content\/uploads\/2022\/08\/Brazil_Trip7_BTS-91-scaled-e1661809515497-300x200.jpg 300w, https:\/\/theterritoryimpact.org\/wp-content\/uploads\/2022\/08\/Brazil_Trip7_BTS-91-scaled-e1661809515497-1024x683.jpg 1024w, https:\/\/theterritoryimpact.org\/wp-content\/uploads\/2022\/08\/Brazil_Trip7_BTS-91-scaled-e1661809515497-250x167.jpg 250w, https:\/\/theterritoryimpact.org\/wp-content\/uploads\/2022\/08\/Brazil_Trip7_BTS-91-scaled-e1661809515497-768x512.jpg 768w, https:\/\/theterritoryimpact.org\/wp-content\/uploads\/2022\/08\/Brazil_Trip7_BTS-91-scaled-e1661809515497-1536x1024.jpg 1536w, https:\/\/theterritoryimpact.org\/wp-content\/uploads\/2022\/08\/Brazil_Trip7_BTS-91-scaled-e1661809515497-18x12.jpg 18w\" sizes=\"(max-width: 1600px) 100vw, 1600px\" \/><div class=\"wp-block-cover__inner-container is-layout-flow wp-block-cover-is-layout-flow\">\n<div class=\"wp-block-group header-content is-layout-flow wp-block-group-is-layout-flow\">\n<h1 class=\"header-content-title wp-block-heading\">Em\u00f5ndo kapyra Uru Eu Wau Wau g\u00e3pe<\/h1>\n<\/div>\n<\/div><\/div>\n<\/div>\n\n\n<section class=\"wp-block-group section donate is-layout-flow wp-block-group-is-layout-flow\">\n<p class=\"lede\">Uhun kapyra g\u00e3 rembim\u00f5ndoa Uru Eu Wau Wau g\u00e3pe, Amaz\u00f4niva\u2019ea vanguvo.&nbsp;Kapyra nde rembim\u00f5ndoa oreve vangu orekavyra. Ore comprai apoa vepiakatuvo orekavyra. Ore comprai apoa vovo, orehoram\u0113 orokavyra janguvo.<\/p>\n\n\n\n<div class=\"wp-block-buttons is-layout-flex wp-block-buttons-is-layout-flex\">\n<div class=\"wp-block-button\"><a class=\"wp-block-button__link wp-element-button\" href=\"https:\/\/www.paypal.com\/donate\/?hosted_button_id=2S76MUMUKDHYU\" target=\"_blank\" rel=\"noreferrer noopener\">DONATE DIRECTLY<\/a><\/div>\n<\/div>\n\n\n\n<p>Oroviang ore ipajia m\u00f5rongyta m\u00f5mbe&#8217;uvo uvi. Em\u00f5mboakan m\u00f5rongyta kawahiva g\u00e3 rembim\u00f5mbe&#8217;ua.<\/p>\n<\/section>\n\n\n\n<div class=\"wp-block-group social-cards grid-four is-layout-flow wp-block-group-is-layout-flow\">\n<div class=\"wp-block-group social-card is-layout-flow wp-block-group-is-layout-flow\">\n<figure class=\"wp-block-image size-full social-card__avatar is-style-rounded\"><a href=\"https:\/\/www.instagram.com\/jupau.97\/\" target=\"_blank\" rel=\"noreferrer noopener\"><img decoding=\"async\" width=\"226\" height=\"227\" src=\"http:\/\/theterritoryimpact.org\/wp-content\/uploads\/2022\/08\/jupau.jpg\" alt=\"The Jupau Logo\" class=\"wp-image-547\" srcset=\"https:\/\/theterritoryimpact.org\/wp-content\/uploads\/2022\/08\/jupau.jpg 226w, https:\/\/theterritoryimpact.org\/wp-content\/uploads\/2022\/08\/jupau-199x200.jpg 199w, https:\/\/theterritoryimpact.org\/wp-content\/uploads\/2022\/08\/jupau-12x12.jpg 12w\" sizes=\"(max-width: 226px) 100vw, 226px\" \/><\/a><\/figure>\n\n\n\n<h4 class=\"social-card__title wp-block-heading\">JUPA\u00da<\/h4>\n\n\n\n<ul class=\"wp-block-social-links has-normal-icon-size has-visible-labels has-icon-color is-style-logos-only social-card__links is-vertical is-layout-flex wp-container-core-social-links-is-layout-8cf370e7 wp-block-social-links-is-layout-flex\"><li style=\"color:#000;\" class=\"wp-social-link wp-social-link-instagram has-black-color wp-block-social-link\"><a rel=\"noopener nofollow\" target=\"_blank\" href=\"https:\/\/www.instagram.com\/jupau.97\/\" class=\"wp-block-social-link-anchor\"><svg width=\"24\" height=\"24\" viewbox=\"0 0 24 24\" version=\"1.1\" xmlns=\"http:\/\/www.w3.org\/2000\/svg\" aria-hidden=\"true\" focusable=\"false\"><path d=\"M12,4.622c2.403,0,2.688,0.009,3.637,0.052c0.877,0.04,1.354,0.187,1.671,0.31c0.42,0.163,0.72,0.358,1.035,0.673 c0.315,0.315,0.51,0.615,0.673,1.035c0.123,0.317,0.27,0.794,0.31,1.671c0.043,0.949,0.052,1.234,0.052,3.637 s-0.009,2.688-0.052,3.637c-0.04,0.877-0.187,1.354-0.31,1.671c-0.163,0.42-0.358,0.72-0.673,1.035 c-0.315,0.315-0.615,0.51-1.035,0.673c-0.317,0.123-0.794,0.27-1.671,0.31c-0.949,0.043-1.233,0.052-3.637,0.052 s-2.688-0.009-3.637-0.052c-0.877-0.04-1.354-0.187-1.671-0.31c-0.42-0.163-0.72-0.358-1.035-0.673 c-0.315-0.315-0.51-0.615-0.673-1.035c-0.123-0.317-0.27-0.794-0.31-1.671C4.631,14.688,4.622,14.403,4.622,12 s0.009-2.688,0.052-3.637c0.04-0.877,0.187-1.354,0.31-1.671c0.163-0.42,0.358-0.72,0.673-1.035 c0.315-0.315,0.615-0.51,1.035-0.673c0.317-0.123,0.794-0.27,1.671-0.31C9.312,4.631,9.597,4.622,12,4.622 M12,3 C9.556,3,9.249,3.01,8.289,3.054C7.331,3.098,6.677,3.25,6.105,3.472C5.513,3.702,5.011,4.01,4.511,4.511 c-0.5,0.5-0.808,1.002-1.038,1.594C3.25,6.677,3.098,7.331,3.054,8.289C3.01,9.249,3,9.556,3,12c0,2.444,0.01,2.751,0.054,3.711 c0.044,0.958,0.196,1.612,0.418,2.185c0.23,0.592,0.538,1.094,1.038,1.594c0.5,0.5,1.002,0.808,1.594,1.038 c0.572,0.222,1.227,0.375,2.185,0.418C9.249,20.99,9.556,21,12,21s2.751-0.01,3.711-0.054c0.958-0.044,1.612-0.196,2.185-0.418 c0.592-0.23,1.094-0.538,1.594-1.038c0.5-0.5,0.808-1.002,1.038-1.594c0.222-0.572,0.375-1.227,0.418-2.185 C20.99,14.751,21,14.444,21,12s-0.01-2.751-0.054-3.711c-0.044-0.958-0.196-1.612-0.418-2.185c-0.23-0.592-0.538-1.094-1.038-1.594 c-0.5-0.5-1.002-0.808-1.594-1.038c-0.572-0.222-1.227-0.375-2.185-0.418C14.751,3.01,14.444,3,12,3L12,3z M12,7.378 c-2.552,0-4.622,2.069-4.622,4.622S9.448,16.622,12,16.622s4.622-2.069,4.622-4.622S14.552,7.378,12,7.378z M12,15 c-1.657,0-3-1.343-3-3s1.343-3,3-3s3,1.343,3,3S13.657,15,12,15z M16.804,6.116c-0.596,0-1.08,0.484-1.08,1.08 s0.484,1.08,1.08,1.08c0.596,0,1.08-0.484,1.08-1.08S17.401,6.116,16.804,6.116z\"><\/path><\/svg><span class=\"wp-block-social-link-label\">jupau.97<\/span><\/a><\/li><\/ul>\n<\/div>\n\n\n\n<div class=\"wp-block-group social-card is-layout-flow wp-block-group-is-layout-flow\">\n<figure class=\"wp-block-image size-large is-resized social-card__avatar is-style-rounded\"><a href=\"https:\/\/www.instagram.com\/bitate_uru_eu_juma\/\" target=\"_blank\" rel=\"noreferrer noopener\"><img decoding=\"async\" src=\"https:\/\/theterritoryimpact.org\/wp-content\/uploads\/2022\/08\/277902094_280158337645842_4566095387983519365_n-edited.jpg\" alt=\"\" class=\"wp-image-727\" width=\"226\" height=\"226\"\/><\/a><\/figure>\n\n\n\n<h4 class=\"social-card__title wp-block-heading\">Bitate Juma<\/h4>\n\n\n\n<ul class=\"wp-block-social-links has-normal-icon-size has-visible-labels has-icon-color is-style-logos-only social-card__links is-vertical is-layout-flex wp-container-core-social-links-is-layout-8cf370e7 wp-block-social-links-is-layout-flex\"><li style=\"color:#000;\" class=\"wp-social-link wp-social-link-instagram has-black-color wp-block-social-link\"><a rel=\"noopener nofollow\" target=\"_blank\" href=\"https:\/\/www.instagram.com\/bitate_uru_eu_juma\/\" class=\"wp-block-social-link-anchor\"><svg width=\"24\" height=\"24\" viewbox=\"0 0 24 24\" version=\"1.1\" xmlns=\"http:\/\/www.w3.org\/2000\/svg\" aria-hidden=\"true\" focusable=\"false\"><path d=\"M12,4.622c2.403,0,2.688,0.009,3.637,0.052c0.877,0.04,1.354,0.187,1.671,0.31c0.42,0.163,0.72,0.358,1.035,0.673 c0.315,0.315,0.51,0.615,0.673,1.035c0.123,0.317,0.27,0.794,0.31,1.671c0.043,0.949,0.052,1.234,0.052,3.637 s-0.009,2.688-0.052,3.637c-0.04,0.877-0.187,1.354-0.31,1.671c-0.163,0.42-0.358,0.72-0.673,1.035 c-0.315,0.315-0.615,0.51-1.035,0.673c-0.317,0.123-0.794,0.27-1.671,0.31c-0.949,0.043-1.233,0.052-3.637,0.052 s-2.688-0.009-3.637-0.052c-0.877-0.04-1.354-0.187-1.671-0.31c-0.42-0.163-0.72-0.358-1.035-0.673 c-0.315-0.315-0.51-0.615-0.673-1.035c-0.123-0.317-0.27-0.794-0.31-1.671C4.631,14.688,4.622,14.403,4.622,12 s0.009-2.688,0.052-3.637c0.04-0.877,0.187-1.354,0.31-1.671c0.163-0.42,0.358-0.72,0.673-1.035 c0.315-0.315,0.615-0.51,1.035-0.673c0.317-0.123,0.794-0.27,1.671-0.31C9.312,4.631,9.597,4.622,12,4.622 M12,3 C9.556,3,9.249,3.01,8.289,3.054C7.331,3.098,6.677,3.25,6.105,3.472C5.513,3.702,5.011,4.01,4.511,4.511 c-0.5,0.5-0.808,1.002-1.038,1.594C3.25,6.677,3.098,7.331,3.054,8.289C3.01,9.249,3,9.556,3,12c0,2.444,0.01,2.751,0.054,3.711 c0.044,0.958,0.196,1.612,0.418,2.185c0.23,0.592,0.538,1.094,1.038,1.594c0.5,0.5,1.002,0.808,1.594,1.038 c0.572,0.222,1.227,0.375,2.185,0.418C9.249,20.99,9.556,21,12,21s2.751-0.01,3.711-0.054c0.958-0.044,1.612-0.196,2.185-0.418 c0.592-0.23,1.094-0.538,1.594-1.038c0.5-0.5,0.808-1.002,1.038-1.594c0.222-0.572,0.375-1.227,0.418-2.185 C20.99,14.751,21,14.444,21,12s-0.01-2.751-0.054-3.711c-0.044-0.958-0.196-1.612-0.418-2.185c-0.23-0.592-0.538-1.094-1.038-1.594 c-0.5-0.5-1.002-0.808-1.594-1.038c-0.572-0.222-1.227-0.375-2.185-0.418C14.751,3.01,14.444,3,12,3L12,3z M12,7.378 c-2.552,0-4.622,2.069-4.622,4.622S9.448,16.622,12,16.622s4.622-2.069,4.622-4.622S14.552,7.378,12,7.378z M12,15 c-1.657,0-3-1.343-3-3s1.343-3,3-3s3,1.343,3,3S13.657,15,12,15z M16.804,6.116c-0.596,0-1.08,0.484-1.08,1.08 s0.484,1.08,1.08,1.08c0.596,0,1.08-0.484,1.08-1.08S17.401,6.116,16.804,6.116z\"><\/path><\/svg><span class=\"wp-block-social-link-label\">bitate_uru-eu_juma<\/span><\/a><\/li>\n\n<li style=\"color:#000;\" class=\"wp-social-link wp-social-link-twitter has-black-color wp-block-social-link\"><a rel=\"noopener nofollow\" target=\"_blank\" href=\"https:\/\/twitter.com\/BitateW\" class=\"wp-block-social-link-anchor\"><svg width=\"24\" height=\"24\" viewbox=\"0 0 24 24\" version=\"1.1\" xmlns=\"http:\/\/www.w3.org\/2000\/svg\" aria-hidden=\"true\" focusable=\"false\"><path d=\"M22.23,5.924c-0.736,0.326-1.527,0.547-2.357,0.646c0.847-0.508,1.498-1.312,1.804-2.27 c-0.793,0.47-1.671,0.812-2.606,0.996C18.324,4.498,17.257,4,16.077,4c-2.266,0-4.103,1.837-4.103,4.103 c0,0.322,0.036,0.635,0.106,0.935C8.67,8.867,5.647,7.234,3.623,4.751C3.27,5.357,3.067,6.062,3.067,6.814 c0,1.424,0.724,2.679,1.825,3.415c-0.673-0.021-1.305-0.206-1.859-0.513c0,0.017,0,0.034,0,0.052c0,1.988,1.414,3.647,3.292,4.023 c-0.344,0.094-0.707,0.144-1.081,0.144c-0.264,0-0.521-0.026-0.772-0.074c0.522,1.63,2.038,2.816,3.833,2.85 c-1.404,1.1-3.174,1.756-5.096,1.756c-0.331,0-0.658-0.019-0.979-0.057c1.816,1.164,3.973,1.843,6.29,1.843 c7.547,0,11.675-6.252,11.675-11.675c0-0.178-0.004-0.355-0.012-0.531C20.985,7.47,21.68,6.747,22.23,5.924z\"><\/path><\/svg><span class=\"wp-block-social-link-label\">BitateW<\/span><\/a><\/li><\/ul>\n<\/div>\n\n\n\n<div class=\"wp-block-group social-card is-layout-flow wp-block-group-is-layout-flow\">\n<figure class=\"wp-block-image size-full is-resized social-card__avatar is-style-rounded\"><a href=\"https:\/\/www.instagram.com\/tangai_uru_eu_\/\" target=\"_blank\" rel=\"noreferrer noopener\"><img decoding=\"async\" src=\"http:\/\/theterritoryimpact.org\/wp-content\/uploads\/2022\/08\/296744575_3161641297428881_8687996621905276905_n.jpg\" alt=\"Picture of Tang\u00e3i\" class=\"wp-image-544\" width=\"226\" height=\"226\" srcset=\"https:\/\/theterritoryimpact.org\/wp-content\/uploads\/2022\/08\/296744575_3161641297428881_8687996621905276905_n.jpg 320w, https:\/\/theterritoryimpact.org\/wp-content\/uploads\/2022\/08\/296744575_3161641297428881_8687996621905276905_n-300x300.jpg 300w, https:\/\/theterritoryimpact.org\/wp-content\/uploads\/2022\/08\/296744575_3161641297428881_8687996621905276905_n-200x200.jpg 200w, https:\/\/theterritoryimpact.org\/wp-content\/uploads\/2022\/08\/296744575_3161641297428881_8687996621905276905_n-12x12.jpg 12w\" sizes=\"(max-width: 226px) 100vw, 226px\" \/><\/a><\/figure>\n\n\n\n<h4 class=\"social-card__title wp-block-heading\">Tang\u00e3i Uru eu<\/h4>\n\n\n\n<ul class=\"wp-block-social-links has-normal-icon-size has-visible-labels has-icon-color is-style-logos-only social-card__links is-vertical is-layout-flex wp-container-core-social-links-is-layout-8cf370e7 wp-block-social-links-is-layout-flex\"><li style=\"color:#000;\" class=\"wp-social-link wp-social-link-instagram has-black-color wp-block-social-link\"><a rel=\"noopener nofollow\" target=\"_blank\" href=\"https:\/\/www.instagram.com\/tangai_uru_eu_\/\" class=\"wp-block-social-link-anchor\"><svg width=\"24\" height=\"24\" viewbox=\"0 0 24 24\" version=\"1.1\" xmlns=\"http:\/\/www.w3.org\/2000\/svg\" aria-hidden=\"true\" focusable=\"false\"><path d=\"M12,4.622c2.403,0,2.688,0.009,3.637,0.052c0.877,0.04,1.354,0.187,1.671,0.31c0.42,0.163,0.72,0.358,1.035,0.673 c0.315,0.315,0.51,0.615,0.673,1.035c0.123,0.317,0.27,0.794,0.31,1.671c0.043,0.949,0.052,1.234,0.052,3.637 s-0.009,2.688-0.052,3.637c-0.04,0.877-0.187,1.354-0.31,1.671c-0.163,0.42-0.358,0.72-0.673,1.035 c-0.315,0.315-0.615,0.51-1.035,0.673c-0.317,0.123-0.794,0.27-1.671,0.31c-0.949,0.043-1.233,0.052-3.637,0.052 s-2.688-0.009-3.637-0.052c-0.877-0.04-1.354-0.187-1.671-0.31c-0.42-0.163-0.72-0.358-1.035-0.673 c-0.315-0.315-0.51-0.615-0.673-1.035c-0.123-0.317-0.27-0.794-0.31-1.671C4.631,14.688,4.622,14.403,4.622,12 s0.009-2.688,0.052-3.637c0.04-0.877,0.187-1.354,0.31-1.671c0.163-0.42,0.358-0.72,0.673-1.035 c0.315-0.315,0.615-0.51,1.035-0.673c0.317-0.123,0.794-0.27,1.671-0.31C9.312,4.631,9.597,4.622,12,4.622 M12,3 C9.556,3,9.249,3.01,8.289,3.054C7.331,3.098,6.677,3.25,6.105,3.472C5.513,3.702,5.011,4.01,4.511,4.511 c-0.5,0.5-0.808,1.002-1.038,1.594C3.25,6.677,3.098,7.331,3.054,8.289C3.01,9.249,3,9.556,3,12c0,2.444,0.01,2.751,0.054,3.711 c0.044,0.958,0.196,1.612,0.418,2.185c0.23,0.592,0.538,1.094,1.038,1.594c0.5,0.5,1.002,0.808,1.594,1.038 c0.572,0.222,1.227,0.375,2.185,0.418C9.249,20.99,9.556,21,12,21s2.751-0.01,3.711-0.054c0.958-0.044,1.612-0.196,2.185-0.418 c0.592-0.23,1.094-0.538,1.594-1.038c0.5-0.5,0.808-1.002,1.038-1.594c0.222-0.572,0.375-1.227,0.418-2.185 C20.99,14.751,21,14.444,21,12s-0.01-2.751-0.054-3.711c-0.044-0.958-0.196-1.612-0.418-2.185c-0.23-0.592-0.538-1.094-1.038-1.594 c-0.5-0.5-1.002-0.808-1.594-1.038c-0.572-0.222-1.227-0.375-2.185-0.418C14.751,3.01,14.444,3,12,3L12,3z M12,7.378 c-2.552,0-4.622,2.069-4.622,4.622S9.448,16.622,12,16.622s4.622-2.069,4.622-4.622S14.552,7.378,12,7.378z M12,15 c-1.657,0-3-1.343-3-3s1.343-3,3-3s3,1.343,3,3S13.657,15,12,15z M16.804,6.116c-0.596,0-1.08,0.484-1.08,1.08 s0.484,1.08,1.08,1.08c0.596,0,1.08-0.484,1.08-1.08S17.401,6.116,16.804,6.116z\"><\/path><\/svg><span class=\"wp-block-social-link-label\">tangai_uru_eu_<\/span><\/a><\/li><\/ul>\n<\/div>\n<\/div>\n\n\n\n<figure class=\"wp-block-gallery has-nested-images columns-default is-cropped wp-block-gallery-1 is-layout-flex wp-block-gallery-is-layout-flex\">\n<figure class=\"wp-block-image size-large\"><img decoding=\"async\" width=\"1024\" height=\"683\" data-id=\"757\" src=\"https:\/\/theterritoryimpact.org\/wp-content\/uploads\/2022\/07\/GlobalWitness_Website_Thumbnail-e1659992670537-1024x683.jpeg\" alt=\"\" class=\"wp-image-757\" srcset=\"https:\/\/theterritoryimpact.org\/wp-content\/uploads\/2022\/07\/GlobalWitness_Website_Thumbnail-e1659992670537-1024x683.jpeg 1024w, https:\/\/theterritoryimpact.org\/wp-content\/uploads\/2022\/07\/GlobalWitness_Website_Thumbnail-e1659992670537-300x200.jpeg 300w, https:\/\/theterritoryimpact.org\/wp-content\/uploads\/2022\/07\/GlobalWitness_Website_Thumbnail-e1659992670537-250x167.jpeg 250w, https:\/\/theterritoryimpact.org\/wp-content\/uploads\/2022\/07\/GlobalWitness_Website_Thumbnail-e1659992670537-768x512.jpeg 768w, https:\/\/theterritoryimpact.org\/wp-content\/uploads\/2022\/07\/GlobalWitness_Website_Thumbnail-e1659992670537-18x12.jpeg 18w, https:\/\/theterritoryimpact.org\/wp-content\/uploads\/2022\/07\/GlobalWitness_Website_Thumbnail-e1659992670537.jpeg 1080w\" sizes=\"(max-width: 1024px) 100vw, 1024px\" \/><\/figure>\n\n\n\n<figure class=\"wp-block-image size-large\"><img decoding=\"async\" width=\"819\" height=\"1024\" data-id=\"1121\" src=\"https:\/\/theterritoryimpact.org\/wp-content\/uploads\/2022\/08\/277902094_280158337645842_4566095387983519365_n-1-819x1024.jpg\" alt=\"\" class=\"wp-image-1121\" srcset=\"https:\/\/theterritoryimpact.org\/wp-content\/uploads\/2022\/08\/277902094_280158337645842_4566095387983519365_n-1-819x1024.jpg 819w, https:\/\/theterritoryimpact.org\/wp-content\/uploads\/2022\/08\/277902094_280158337645842_4566095387983519365_n-1-240x300.jpg 240w, https:\/\/theterritoryimpact.org\/wp-content\/uploads\/2022\/08\/277902094_280158337645842_4566095387983519365_n-1-160x200.jpg 160w, https:\/\/theterritoryimpact.org\/wp-content\/uploads\/2022\/08\/277902094_280158337645842_4566095387983519365_n-1-768x960.jpg 768w, https:\/\/theterritoryimpact.org\/wp-content\/uploads\/2022\/08\/277902094_280158337645842_4566095387983519365_n-1-1229x1536.jpg 1229w, https:\/\/theterritoryimpact.org\/wp-content\/uploads\/2022\/08\/277902094_280158337645842_4566095387983519365_n-1-10x12.jpg 10w, https:\/\/theterritoryimpact.org\/wp-content\/uploads\/2022\/08\/277902094_280158337645842_4566095387983519365_n-1-864x1080.jpg 864w, https:\/\/theterritoryimpact.org\/wp-content\/uploads\/2022\/08\/277902094_280158337645842_4566095387983519365_n-1.jpg 1440w\" sizes=\"(max-width: 819px) 100vw, 819px\" \/><\/figure>\n\n\n\n<figure class=\"wp-block-image size-large\"><img decoding=\"async\" width=\"1024\" height=\"683\" data-id=\"1123\" src=\"https:\/\/theterritoryimpact.org\/wp-content\/uploads\/2022\/08\/Brazil_Trip7_BTS-117-2-1024x683.jpg\" alt=\"\" class=\"wp-image-1123\" srcset=\"https:\/\/theterritoryimpact.org\/wp-content\/uploads\/2022\/08\/Brazil_Trip7_BTS-117-2-1024x683.jpg 1024w, https:\/\/theterritoryimpact.org\/wp-content\/uploads\/2022\/08\/Brazil_Trip7_BTS-117-2-300x200.jpg 300w, https:\/\/theterritoryimpact.org\/wp-content\/uploads\/2022\/08\/Brazil_Trip7_BTS-117-2-250x167.jpg 250w, https:\/\/theterritoryimpact.org\/wp-content\/uploads\/2022\/08\/Brazil_Trip7_BTS-117-2-768x512.jpg 768w, https:\/\/theterritoryimpact.org\/wp-content\/uploads\/2022\/08\/Brazil_Trip7_BTS-117-2-1536x1024.jpg 1536w, https:\/\/theterritoryimpact.org\/wp-content\/uploads\/2022\/08\/Brazil_Trip7_BTS-117-2-2048x1365.jpg 2048w, https:\/\/theterritoryimpact.org\/wp-content\/uploads\/2022\/08\/Brazil_Trip7_BTS-117-2-18x12.jpg 18w, https:\/\/theterritoryimpact.org\/wp-content\/uploads\/2022\/08\/Brazil_Trip7_BTS-117-2-1620x1080.jpg 1620w\" sizes=\"(max-width: 1024px) 100vw, 1024px\" \/><\/figure>\n<\/figure>","protected":false},"excerpt":{"rendered":"<p>Uhun kapyra g\u00e3 rembim\u00f5ndoa Uru Eu Wau Wau g\u00e3pe, Amaz\u00f4niva\u2019ea vanguvo.&nbsp;Kapyra nde rembim\u00f5ndoa oreve vangu orekavyra. Ore comprai apoa vepiakatuvo orekavyra. Ore comprai apoa vovo, orehoram\u0113 orokavyra janguvo. Oroviang ore ipajia m\u00f5rongyta m\u00f5mbe&#8217;uvo uvi. Em\u00f5mboakan m\u00f5rongyta kawahiva g\u00e3 rembim\u00f5mbe&#8217;ua. JUPA\u00da Bitate Juma Tang\u00e3i Uru eu<\/p>","protected":false},"author":11,"featured_media":0,"parent":1466,"menu_order":0,"comment_status":"closed","ping_status":"closed","template":"","meta":{"inline_featured_image":false,"_monsterinsights_skip_tracking":false,"_monsterinsights_sitenote_active":false,"_monsterinsights_sitenote_note":"","_monsterinsights_sitenote_category":0,"footnotes":""},"class_list":["post-1465","page","type-page","status-publish","hentry"],"acf":[],"_links":{"self":[{"href":"https:\/\/theterritoryimpact.org\/pt\/wp-json\/wp\/v2\/pages\/1465","targetHints":{"allow":["GET"]}}],"collection":[{"href":"https:\/\/theterritoryimpact.org\/pt\/wp-json\/wp\/v2\/pages"}],"about":[{"href":"https:\/\/theterritoryimpact.org\/pt\/wp-json\/wp\/v2\/types\/page"}],"author":[{"embeddable":true,"href":"https:\/\/theterritoryimpact.org\/pt\/wp-json\/wp\/v2\/users\/11"}],"replies":[{"embeddable":true,"href":"https:\/\/theterritoryimpact.org\/pt\/wp-json\/wp\/v2\/comments?post=1465"}],"version-history":[{"count":9,"href":"https:\/\/theterritoryimpact.org\/pt\/wp-json\/wp\/v2\/pages\/1465\/revisions"}],"predecessor-version":[{"id":1536,"href":"https:\/\/theterritoryimpact.org\/pt\/wp-json\/wp\/v2\/pages\/1465\/revisions\/1536"}],"up":[{"embeddable":true,"href":"https:\/\/theterritoryimpact.org\/pt\/wp-json\/wp\/v2\/pages\/1466"}],"wp:attachment":[{"href":"https:\/\/theterritoryimpact.org\/pt\/wp-json\/wp\/v2\/media?parent=1465"}],"curies":[{"name":"wp","href":"https:\/\/api.w.org\/{rel}","templated":true}]}}